{"id":723,"date":"2023-03-08T12:21:26","date_gmt":"2023-03-08T12:21:26","guid":{"rendered":"https:\/\/elhostaldevioleta.es\/?page_id=723"},"modified":"2023-03-08T12:28:35","modified_gmt":"2023-03-08T12:28:35","slug":"aviso-legal","status":"publish","type":"page","link":"https:\/\/elhostaldevioleta.com\/en\/aviso-legal\/","title":{"rendered":"Legal warning"},"content":{"rendered":"<div data-elementor-type=\"wp-page\" data-elementor-id=\"723\" class=\"elementor elementor-723\">\n\t\t\t\t\t\t\t\t\t<section class=\"elementor-section elementor-top-section elementor-element elementor-element-a3dabae elementor-section-full_width elementor-section-height-default elementor-section-height-default\" data-id=\"a3dabae\" data-element_type=\"section\">\n\t\t\t\t\t\t<div class=\"elementor-container elementor-column-gap-no\">\n\t\t\t\t\t<div class=\"elementor-column elementor-col-100 elementor-top-column elementor-element elementor-element-4634b9fe\" data-id=\"4634b9fe\" data-element_type=\"column\">\n\t\t\t<div class=\"elementor-widget-wrap elementor-element-populated\">\n\t\t\t\t\t\t\t\t\t<\/div>\n\t\t<\/div>\n\t\t\t\t\t\t\t<\/div>\n\t\t<\/section>\n\t\t\t\t<section class=\"elementor-section elementor-top-section elementor-element elementor-element-45e8f85a elementor-section-full_width elementor-section-height-default elementor-section-height-default\" data-id=\"45e8f85a\" data-element_type=\"section\">\n\t\t\t\t\t\t<div class=\"elementor-container elementor-column-gap-no\">\n\t\t\t\t\t<div class=\"elementor-column elementor-col-100 elementor-top-column elementor-element elementor-element-490b521b\" data-id=\"490b521b\" data-element_type=\"column\">\n\t\t\t<div class=\"elementor-widget-wrap\">\n\t\t\t\t\t\t\t\t\t<\/div>\n\t\t<\/div>\n\t\t\t\t\t\t\t<\/div>\n\t\t<\/section>\n\t\t\t\t<section class=\"elementor-section elementor-top-section elementor-element elementor-element-8b79253 elementor-section-height-min-height elementor-section-boxed elementor-section-height-default elementor-section-items-middle\" data-id=\"8b79253\" data-element_type=\"section\" data-settings=\"{&quot;background_background&quot;:&quot;classic&quot;}\">\n\t\t\t\t\t\t\t<div class=\"elementor-background-overlay\"><\/div>\n\t\t\t\t\t\t\t<div class=\"elementor-container elementor-column-gap-default\">\n\t\t\t\t\t<div class=\"elementor-column elementor-col-100 elementor-top-column elementor-element elementor-element-4f17f026\" data-id=\"4f17f026\" data-element_type=\"column\">\n\t\t\t<div class=\"elementor-widget-wrap\">\n\t\t\t\t\t\t\t\t\t<\/div>\n\t\t<\/div>\n\t\t\t\t\t\t\t<\/div>\n\t\t<\/section>\n\t\t\t\t<section class=\"elementor-section elementor-top-section elementor-element elementor-element-4fa19ca2 elementor-section-boxed elementor-section-height-default elementor-section-height-default\" data-id=\"4fa19ca2\" data-element_type=\"section\">\n\t\t\t\t\t\t<div class=\"elementor-container elementor-column-gap-default\">\n\t\t\t\t\t<div class=\"elementor-column elementor-col-100 elementor-top-column elementor-element elementor-element-443e3f9f\" data-id=\"443e3f9f\" data-element_type=\"column\">\n\t\t\t<div class=\"elementor-widget-wrap elementor-element-populated\">\n\t\t\t\t\t\t\t\t<div class=\"elementor-element elementor-element-68eccdfd elementor-widget elementor-widget-heading\" data-id=\"68eccdfd\" data-element_type=\"widget\" data-widget_type=\"heading.default\">\n\t\t\t\t<div class=\"elementor-widget-container\">\n\t\t\t<style>\/*! elementor - v3.16.0 - 20-09-2023 *\/\n.elementor-heading-title{padding:0;margin:0;line-height:1}.elementor-widget-heading .elementor-heading-title[class*=elementor-size-]>a{color:inherit;font-size:inherit;line-height:inherit}.elementor-widget-heading .elementor-heading-title.elementor-size-small{font-size:15px}.elementor-widget-heading .elementor-heading-title.elementor-size-medium{font-size:19px}.elementor-widget-heading .elementor-heading-title.elementor-size-large{font-size:29px}.elementor-widget-heading .elementor-heading-title.elementor-size-xl{font-size:39px}.elementor-widget-heading .elementor-heading-title.elementor-size-xxl{font-size:59px}<\/style><h1 class=\"elementor-heading-title elementor-size-default\">Legal warning<\/h1>\t\t<\/div>\n\t\t\t\t<\/div>\n\t\t\t\t<div class=\"elementor-element elementor-element-2917a44c elementor-widget elementor-widget-text-editor\" data-id=\"2917a44c\" data-element_type=\"widget\" data-widget_type=\"text-editor.default\">\n\t\t\t\t<div class=\"elementor-widget-container\">\n\t\t\t<style>\/*! elementor - v3.16.0 - 20-09-2023 *\/\n.elementor-widget-text-editor.elementor-drop-cap-view-stacked .elementor-drop-cap{background-color:#69727d;color:#fff}.elementor-widget-text-editor.elementor-drop-cap-view-framed .elementor-drop-cap{color:#69727d;border:3px solid;background-color:transparent}.elementor-widget-text-editor:not(.elementor-drop-cap-view-default) .elementor-drop-cap{margin-top:8px}.elementor-widget-text-editor:not(.elementor-drop-cap-view-default) .elementor-drop-cap-letter{width:1em;height:1em}.elementor-widget-text-editor .elementor-drop-cap{float:left;text-align:center;line-height:1;font-size:50px}.elementor-widget-text-editor .elementor-drop-cap-letter{display:inline-block}<\/style>\t\t\t\t<p>In compliance with Law 34\/2002, of July 11, on Services of the Information Society and Electronic Commerce, the User is informed that the owner of the WEB website is from the company HOSTAL DE VIOLETA, and its data identification are as follows:\u00a0<\/p><ul><li>Identidad: HOSTAL DE VIOLETA, JARAMBEL, S.L.<\/li><li>NIF: B13023585<\/li><li>Domicilio social: C\/ MEJICO, 76<\/li><li>CIUDAD REAL\u2013 13700 \u2013TOMELLOSO<\/li><li>Correo Electr\u00f3nico: info@elhostaldevioleta.es<\/li><\/ul><p><strong>Access the website<\/strong><\/p><p>The legal notice regulates the access and use of the Users to the website and its purpose is to publicize the entity's services and allow general access for all Internet users.<\/p><p>The access and\/or use of the Web attributes to the user the condition of User and the acceptance, without reservations of any kind, of each and every one of these general conditions, as well as those other particular ones that, if applicable, govern the use of the Portal or the services linked to it.<\/p><p>The user must carefully read the Legal Notice and the Privacy and Cookies Policies when he intends to use the Website, since HOSTAL DE VIOLETA reserves the right to make, at any time and without the need for any prior notice, any modification or update of the contents and services, of the present provisions of access and use and, in general, of how many elements integrate the design and configuration of your Web. If you do not accept the conditions of access and use, please refrain from using the Web and its content.\u00a0<\/p><p><strong>Use of the website<\/strong><\/p><p>The User undertakes to make diligent use of the Website, as well as the information related to its services and activities, fully subject to both the applicable regulations, as well as morality and generally accepted good customs and public order. , the conditions of access and use and any other conditions established on the Website.\u00a0<\/p><p>In addition, you agree to refrain from using any of the contents for illicit purposes or effects, prohibited in this text, harmful to the rights and interests of third parties, or that in any way may damage, disable, overload, deteriorate or impede the normal use of the contents, other Users or any Internet user (hardware and software).<\/p><p><strong>Website operation<\/strong><\/p><p>In case of non-compliance with the conditions of the Legal Notice, or the Privacy and Cookies Policies, HOSTAL DE VIOLETA reserves the right to limit, suspend and\/or exclude access to its Website, adopting any technical measure necessary to respect it. . HOSTAL DE VIOLETA, will do everything possible to keep the Web page in good working order, avoiding errors, or repairing them and keeping the contents updated. However, HOSTAL DE VIOLETA does not guarantee the availability and continuity of access to the Website or the absence of errors in the content.\u00a0<\/p><p><strong>Responsibility<\/strong><\/p><p>The User is solely responsible for the use that may be made of any information or mechanism on the Website.\u00a0<\/p><p>HOSTAL DE VIOLETA will not be held responsible for any damage to the User's hardware and\/or software arising from the access and use of the Website. Likewise, it will not be responsible for these damages and\/or losses that may be caused by access and\/or use of the information on the Website, and specifically for those that may occur in computer systems or those caused by viruses \/ or computer attacks, falls, interruptions, absence or defect in communications and\/or the Internet.\u00a0<\/p><p>The User will be responsible for the damages and\/or losses that HOSTAL DE VIOLETA may suffer as a consequence of the breach of any of the obligations to which they are subject through this Legal Notice, the applicable regulations and the Privacy and Cookies Policy.\u00a0<\/p><p><strong>Policy regarding \"Links\" (linking and linked website)\u00a0 \u00a0<\/strong>\u00a0\u00a0 \u00a0 \u00a0 \u00a0<\/p><p>1. a) Linking website:<\/p><p>Third parties who intend to include a link to this page on a web page will have to comply with current legislation and may not host content that is inappropriate, illegal, pornographic, violent, etc.<\/p><p>In no case is HOSTAL DE VIOLETA responsible for the content of the Website, nor does it promote, guarantee, supervise or recommend its contents.\u00a0<\/p><p>If the linking website fails to comply with any of the above aspects, it will be obliged to delete the link immediately.<\/p><p>1. b) Linked website:<\/p><p>This Web Page may include links to third-party web pages that allow the User to access. However, HOSTAL DE VIOLETA is not responsible for the content of these linked web pages, but the User will be in charge of accepting and checking access each time they access.<\/p><p>Such links or mentions have a purpose that does not imply support, approval, commercialization or any relationship between the page and the persons or entities that own the places where they are located.<\/p><p><strong>Intellectual and Industrial Property on the contents<\/strong><\/p><p>HOSTAL DE VIOLETA, or its licensors, are the owners of all the intellectual property rights over the Contents of the Website, understanding as such all the designs, databases, underlying computer programs (source code, included), as well as the different elements that make up the Web Page (texts, graphics, photographs, videos, colors, etc.), structure, order, etc. In relation to trademarks and trade names (\"distinctive signs\") they are owned by HOSTAL DE VIOLETA, or the licensors.\u00a0<\/p><p>The use of the Website by the User does not imply the assignment of any intellectual or industrial property rights. The User is totally prohibited from reproducing, copying, distributing, making available or in any other way publicly communicating, transforming or modifying the Contents or the distinctive Signs, except with the authorization of the holder of the corresponding rights or this is legally permitted.<\/p><p><strong>Advertising<\/strong><\/p><p>Advertising or sponsored content may be hosted on the website. Advertisers or sponsors are solely responsible for ensuring that the material submitted for inclusion on the Web complies with the laws that may be applicable in each case.<\/p><p>HOSTAL DE VIOLETA will not be responsible for any error, inaccuracy or irregularity that may be contained in the advertising content or those of the sponsors.<\/p><p><strong>Applicable legislation<\/strong><\/p><p>The Legal Notice will be governed and interpreted in accordance with Spanish legislation.<\/p><p>For the resolution of any conflict that may arise from accessing the website, they will be submitted to the relevant courts or tribunals in accordance with consumer and user regulations.\u00a0<\/p><p><strong>Contact<\/strong><\/p><p>For any question or comment about this legal notice you can contact us via email info@elhostaldevioleta.es<\/p>\t\t\t\t\t\t<\/div>\n\t\t\t\t<\/div>\n\t\t\t\t\t<\/div>\n\t\t<\/div>\n\t\t\t\t\t\t\t<\/div>\n\t\t<\/section>\n\t\t\t\t\t\t\t<\/div>","protected":false},"excerpt":{"rendered":"<p>Aviso legal En cumplimiento de la Ley 34\/2002, de 11 de julio, de Servicios de la Sociedad de la Informaci\u00f3n y de Comercio electr\u00f3nico, se informa al Usuario que el titular de la p\u00e1gina web WEB es de la sociedad HOSTAL DE VIOLETA, y sus datos de identificaci\u00f3n son las siguientes:\u00a0 Identidad: HOSTAL DE VIOLETA, &hellip;<\/p>\n<p class=\"read-more\"> <a class=\"\" href=\"https:\/\/elhostaldevioleta.com\/en\/aviso-legal\/\"> <span class=\"screen-reader-text\">Legal warning<\/span> Read More &raquo;<\/a><\/p>","protected":false},"author":1,"featured_media":0,"parent":0,"menu_order":0,"comment_status":"closed","ping_status":"closed","template":"","meta":{"site-sidebar-layout":"no-sidebar","site-content-layout":"page-builder","ast-site-content-layout":"","site-content-style":"default","site-sidebar-style":"default","ast-global-header-display":"","ast-banner-title-visibility":"","ast-main-header-display":"","ast-hfb-above-header-display":"","ast-hfb-below-header-display":"","ast-hfb-mobile-header-display":"","site-post-title":"disabled","ast-breadcrumbs-content":"","ast-featured-img":"disabled","footer-sml-layout":"","theme-transparent-header-meta":"","adv-header-id-meta":"","stick-header-meta":"","header-above-stick-meta":"","header-main-stick-meta":"","header-below-stick-meta":"","astra-migrate-meta-layouts":"","footnotes":""},"class_list":["post-723","page","type-page","status-publish","hentry"],"yoast_head":"<!-- This site is optimized with the Yoast SEO plugin v21.2 - https:\/\/yoast.com\/wordpress\/plugins\/seo\/ -->\n<title>Aviso legal - El hostal de violeta<\/title>\n<meta name=\"robots\" content=\"index, follow, max-snippet:-1, max-image-preview:large, max-video-preview:-1\" \/>\n<link rel=\"canonical\" href=\"https:\/\/elhostaldevioleta.com\/en\/aviso-legal\/\" \/>\n<meta property=\"og:locale\" content=\"en_GB\" \/>\n<meta property=\"og:type\" content=\"article\" \/>\n<meta property=\"og:title\" content=\"Aviso legal - El hostal de violeta\" \/>\n<meta property=\"og:description\" content=\"Aviso legal En cumplimiento de la Ley 34\/2002, de 11 de julio, de Servicios de la Sociedad de la Informaci\u00f3n y de Comercio electr\u00f3nico, se informa al Usuario que el titular de la p\u00e1gina web WEB es de la sociedad HOSTAL DE VIOLETA, y sus datos de identificaci\u00f3n son las siguientes:\u00a0 Identidad: HOSTAL DE VIOLETA, &hellip; Aviso legal Read More &raquo;\" \/>\n<meta property=\"og:url\" content=\"https:\/\/elhostaldevioleta.com\/en\/aviso-legal\/\" \/>\n<meta property=\"og:site_name\" content=\"El hostal de violeta\" \/>\n<meta property=\"article:publisher\" content=\"https:\/\/www.facebook.com\/Elhostaldevioleta\" \/>\n<meta property=\"article:modified_time\" content=\"2023-03-08T12:28:35+00:00\" \/>\n<meta name=\"twitter:card\" content=\"summary_large_image\" \/>\n<meta name=\"twitter:label1\" content=\"Est. reading time\" \/>\n\t<meta name=\"twitter:data1\" content=\"6 minutes\" \/>\n<script type=\"application\/ld+json\" class=\"yoast-schema-graph\">{\"@context\":\"https:\/\/schema.org\",\"@graph\":[{\"@type\":\"WebPage\",\"@id\":\"https:\/\/elhostaldevioleta.com\/aviso-legal\/\",\"url\":\"https:\/\/elhostaldevioleta.com\/aviso-legal\/\",\"name\":\"Aviso legal - El hostal de violeta\",\"isPartOf\":{\"@id\":\"https:\/\/elhostaldevioleta.com\/#website\"},\"datePublished\":\"2023-03-08T12:21:26+00:00\",\"dateModified\":\"2023-03-08T12:28:35+00:00\",\"breadcrumb\":{\"@id\":\"https:\/\/elhostaldevioleta.com\/aviso-legal\/#breadcrumb\"},\"inLanguage\":\"en-GB\",\"potentialAction\":[{\"@type\":\"ReadAction\",\"target\":[\"https:\/\/elhostaldevioleta.com\/aviso-legal\/\"]}]},{\"@type\":\"BreadcrumbList\",\"@id\":\"https:\/\/elhostaldevioleta.com\/aviso-legal\/#breadcrumb\",\"itemListElement\":[{\"@type\":\"ListItem\",\"position\":1,\"name\":\"Portada\",\"item\":\"https:\/\/elhostaldevioleta.com\/\"},{\"@type\":\"ListItem\",\"position\":2,\"name\":\"Aviso legal\"}]},{\"@type\":\"WebSite\",\"@id\":\"https:\/\/elhostaldevioleta.com\/#website\",\"url\":\"https:\/\/elhostaldevioleta.com\/\",\"name\":\"El hostal de violeta\",\"description\":\"Tu Peque\u00f1o gran Hotel en Tomelloso\",\"publisher\":{\"@id\":\"https:\/\/elhostaldevioleta.com\/#organization\"},\"potentialAction\":[{\"@type\":\"SearchAction\",\"target\":{\"@type\":\"EntryPoint\",\"urlTemplate\":\"https:\/\/elhostaldevioleta.com\/?s={search_term_string}\"},\"query-input\":\"required name=search_term_string\"}],\"inLanguage\":\"en-GB\"},{\"@type\":\"Organization\",\"@id\":\"https:\/\/elhostaldevioleta.com\/#organization\",\"name\":\"El hostal de Violeta\",\"alternateName\":\"Jarambel\",\"url\":\"https:\/\/elhostaldevioleta.com\/\",\"logo\":{\"@type\":\"ImageObject\",\"inLanguage\":\"en-GB\",\"@id\":\"https:\/\/elhostaldevioleta.com\/#\/schema\/logo\/image\/\",\"url\":\"https:\/\/elhostaldevioleta.com\/wp-content\/uploads\/2023\/03\/logo_hostalnegro.png\",\"contentUrl\":\"https:\/\/elhostaldevioleta.com\/wp-content\/uploads\/2023\/03\/logo_hostalnegro.png\",\"width\":250,\"height\":225,\"caption\":\"El hostal de Violeta\"},\"image\":{\"@id\":\"https:\/\/elhostaldevioleta.com\/#\/schema\/logo\/image\/\"},\"sameAs\":[\"https:\/\/www.facebook.com\/Elhostaldevioleta\",\"https:\/\/www.instagram.com\/explore\/locations\/1033880248\/el-hostal-de-violeta\/\"]}]}<\/script>\n<!-- \/ Yoast SEO plugin. -->","yoast_head_json":{"title":"Aviso legal - El hostal de violeta","robots":{"index":"index","follow":"follow","max-snippet":"max-snippet:-1","max-image-preview":"max-image-preview:large","max-video-preview":"max-video-preview:-1"},"canonical":"https:\/\/elhostaldevioleta.com\/en\/aviso-legal\/","og_locale":"en_GB","og_type":"article","og_title":"Aviso legal - El hostal de violeta","og_description":"Aviso legal En cumplimiento de la Ley 34\/2002, de 11 de julio, de Servicios de la Sociedad de la Informaci\u00f3n y de Comercio electr\u00f3nico, se informa al Usuario que el titular de la p\u00e1gina web WEB es de la sociedad HOSTAL DE VIOLETA, y sus datos de identificaci\u00f3n son las siguientes:\u00a0 Identidad: HOSTAL DE VIOLETA, &hellip; Aviso legal Read More &raquo;","og_url":"https:\/\/elhostaldevioleta.com\/en\/aviso-legal\/","og_site_name":"El hostal de violeta","article_publisher":"https:\/\/www.facebook.com\/Elhostaldevioleta","article_modified_time":"2023-03-08T12:28:35+00:00","twitter_card":"summary_large_image","twitter_misc":{"Est. reading time":"6 minutes"},"schema":{"@context":"https:\/\/schema.org","@graph":[{"@type":"WebPage","@id":"https:\/\/elhostaldevioleta.com\/aviso-legal\/","url":"https:\/\/elhostaldevioleta.com\/aviso-legal\/","name":"Aviso legal - El hostal de violeta","isPartOf":{"@id":"https:\/\/elhostaldevioleta.com\/#website"},"datePublished":"2023-03-08T12:21:26+00:00","dateModified":"2023-03-08T12:28:35+00:00","breadcrumb":{"@id":"https:\/\/elhostaldevioleta.com\/aviso-legal\/#breadcrumb"},"inLanguage":"en-GB","potentialAction":[{"@type":"ReadAction","target":["https:\/\/elhostaldevioleta.com\/aviso-legal\/"]}]},{"@type":"BreadcrumbList","@id":"https:\/\/elhostaldevioleta.com\/aviso-legal\/#breadcrumb","itemListElement":[{"@type":"ListItem","position":1,"name":"Portada","item":"https:\/\/elhostaldevioleta.com\/"},{"@type":"ListItem","position":2,"name":"Aviso legal"}]},{"@type":"WebSite","@id":"https:\/\/elhostaldevioleta.com\/#website","url":"https:\/\/elhostaldevioleta.com\/","name":"El hostal de violeta","description":"Tu Peque\u00f1o gran Hotel en Tomelloso","publisher":{"@id":"https:\/\/elhostaldevioleta.com\/#organization"},"potentialAction":[{"@type":"SearchAction","target":{"@type":"EntryPoint","urlTemplate":"https:\/\/elhostaldevioleta.com\/?s={search_term_string}"},"query-input":"required name=search_term_string"}],"inLanguage":"en-GB"},{"@type":"Organization","@id":"https:\/\/elhostaldevioleta.com\/#organization","name":"El hostal de Violeta","alternateName":"Jarambel","url":"https:\/\/elhostaldevioleta.com\/","logo":{"@type":"ImageObject","inLanguage":"en-GB","@id":"https:\/\/elhostaldevioleta.com\/#\/schema\/logo\/image\/","url":"https:\/\/elhostaldevioleta.com\/wp-content\/uploads\/2023\/03\/logo_hostalnegro.png","contentUrl":"https:\/\/elhostaldevioleta.com\/wp-content\/uploads\/2023\/03\/logo_hostalnegro.png","width":250,"height":225,"caption":"El hostal de Violeta"},"image":{"@id":"https:\/\/elhostaldevioleta.com\/#\/schema\/logo\/image\/"},"sameAs":["https:\/\/www.facebook.com\/Elhostaldevioleta","https:\/\/www.instagram.com\/explore\/locations\/1033880248\/el-hostal-de-violeta\/"]}]}},"_links":{"self":[{"href":"https:\/\/elhostaldevioleta.com\/en\/wp-json\/wp\/v2\/pages\/723","targetHints":{"allow":["GET"]}}],"collection":[{"href":"https:\/\/elhostaldevioleta.com\/en\/wp-json\/wp\/v2\/pages"}],"about":[{"href":"https:\/\/elhostaldevioleta.com\/en\/wp-json\/wp\/v2\/types\/page"}],"author":[{"embeddable":true,"href":"https:\/\/elhostaldevioleta.com\/en\/wp-json\/wp\/v2\/users\/1"}],"replies":[{"embeddable":true,"href":"https:\/\/elhostaldevioleta.com\/en\/wp-json\/wp\/v2\/comments?post=723"}],"version-history":[{"count":8,"href":"https:\/\/elhostaldevioleta.com\/en\/wp-json\/wp\/v2\/pages\/723\/revisions"}],"predecessor-version":[{"id":731,"href":"https:\/\/elhostaldevioleta.com\/en\/wp-json\/wp\/v2\/pages\/723\/revisions\/731"}],"wp:attachment":[{"href":"https:\/\/elhostaldevioleta.com\/en\/wp-json\/wp\/v2\/media?parent=723"}],"curies":[{"name":"wp","href":"https:\/\/api.w.org\/{rel}","templated":true}]}}