{"id":820,"date":"2023-08-03T12:12:43","date_gmt":"2023-08-03T12:12:43","guid":{"rendered":"https:\/\/elhostaldevioleta.es\/?page_id=820"},"modified":"2023-08-03T12:15:25","modified_gmt":"2023-08-03T12:15:25","slug":"declaracion-de-accesibilidad","status":"publish","type":"page","link":"https:\/\/elhostaldevioleta.com\/en\/declaracion-de-accesibilidad\/","title":{"rendered":"Declaraci\u00f3n de accesibilidad"},"content":{"rendered":"<div data-elementor-type=\"wp-page\" data-elementor-id=\"820\" class=\"elementor elementor-820\">\n\t\t\t\t\t\t\t\t\t<section class=\"elementor-section elementor-top-section elementor-element elementor-element-ac91b73 elementor-section-boxed elementor-section-height-default elementor-section-height-default\" data-id=\"ac91b73\" data-element_type=\"section\">\n\t\t\t\t\t\t<div class=\"elementor-container elementor-column-gap-default\">\n\t\t\t\t\t<div class=\"elementor-column elementor-col-100 elementor-top-column elementor-element elementor-element-2f8226c\" data-id=\"2f8226c\" data-element_type=\"column\">\n\t\t\t<div class=\"elementor-widget-wrap elementor-element-populated\">\n\t\t\t\t\t\t\t\t<div class=\"elementor-element elementor-element-f0e9267 elementor-widget elementor-widget-text-editor\" data-id=\"f0e9267\" data-element_type=\"widget\" data-widget_type=\"text-editor.default\">\n\t\t\t\t<div class=\"elementor-widget-container\">\n\t\t\t<style>\/*! elementor - v3.16.0 - 20-09-2023 *\/\n.elementor-widget-text-editor.elementor-drop-cap-view-stacked .elementor-drop-cap{background-color:#69727d;color:#fff}.elementor-widget-text-editor.elementor-drop-cap-view-framed .elementor-drop-cap{color:#69727d;border:3px solid;background-color:transparent}.elementor-widget-text-editor:not(.elementor-drop-cap-view-default) .elementor-drop-cap{margin-top:8px}.elementor-widget-text-editor:not(.elementor-drop-cap-view-default) .elementor-drop-cap-letter{width:1em;height:1em}.elementor-widget-text-editor .elementor-drop-cap{float:left;text-align:center;line-height:1;font-size:50px}.elementor-widget-text-editor .elementor-drop-cap-letter{display:inline-block}<\/style>\t\t\t\t<section class=\"elementor-section elementor-top-section elementor-element elementor-element-314e808 elementor-section-boxed elementor-section-height-default elementor-section-height-default\" data-id=\"314e808\" data-element_type=\"section\" data-settings=\"{&quot;background_background&quot;:&quot;classic&quot;}\"><div class=\"elementor-container elementor-column-gap-default\"><div class=\"elementor-column elementor-col-100 elementor-top-column elementor-element elementor-element-dada5f6\" data-id=\"dada5f6\" data-element_type=\"column\"><div class=\"elementor-widget-wrap elementor-element-populated\"><div class=\"elementor-element elementor-element-572be72 elementor-widget elementor-widget-heading\" data-id=\"572be72\" data-element_type=\"widget\" data-widget_type=\"heading.default\"><div class=\"elementor-widget-container\"><h2 class=\"elementor-heading-title elementor-size-default\">Accesibilidad<\/h2><\/div><\/div><div class=\"elementor-element elementor-element-5fb96b8 elementor-widget elementor-widget-text-editor\" data-id=\"5fb96b8\" data-element_type=\"widget\" data-widget_type=\"text-editor.default\"><div class=\"elementor-widget-container\"><p><a href=\"https:\/\/elhostaldevioleta.com\/en\/\">https:\/\/elhostaldevioleta.com\u00a0<\/a>se ha comprometido a hacer accesible su sitio web, de conformidad con el <a role=\"link\" href=\"https:\/\/www.boe.es\/diario_boe\/txt.php?id=BOE-A-2018-12699\" rel=\"noreferrer noopener\">Real Decreto 1112\/2018, de 7 de septiembre, sobre accesibilidad de los sitios web y aplicaciones para dispositivos m\u00f3viles del sector p\u00fablico.<\/a><\/p><p>La presente declaraci\u00f3n de accesibilidad se aplica al sitio web elhostaldevioleta.es:<\/p><\/div><\/div><div class=\"elementor-element elementor-element-84f1566 elementor-widget elementor-widget-heading\" data-id=\"84f1566\" data-element_type=\"widget\" data-widget_type=\"heading.default\"><div class=\"elementor-widget-container\"><h2 class=\"elementor-heading-title elementor-size-default\">Situaci\u00f3n de cumplimiento<\/h2><\/div><\/div><div class=\"elementor-element elementor-element-f1a0cb1 elementor-widget elementor-widget-text-editor\" data-id=\"f1a0cb1\" data-element_type=\"widget\" data-widget_type=\"text-editor.default\"><div class=\"elementor-widget-container\"><p>Este sitio web es parcialmente conforme con el\u00a0<a role=\"link\" href=\"https:\/\/www.boe.es\/diario_boe\/txt.php?id=BOE-A-2018-12699\" rel=\"noreferrer noopener\">RD 1112\/2018<\/a>\u00a0debido a las excepciones y a la falta de conformidad de los aspectos que se indican en el siguiente punto.<\/p><\/div><\/div><div class=\"elementor-element elementor-element-03d7c25 elementor-widget elementor-widget-heading\" data-id=\"03d7c25\" data-element_type=\"widget\" data-widget_type=\"heading.default\"><div class=\"elementor-widget-container\"><h2 class=\"elementor-heading-title elementor-size-default\">Contenido no accesible<\/h2><\/div><\/div><div class=\"elementor-element elementor-element-d566709 elementor-widget elementor-widget-text-editor\" data-id=\"d566709\" data-element_type=\"widget\" data-widget_type=\"text-editor.default\"><div class=\"elementor-widget-container\"><p>El contenido que se recoge a continuaci\u00f3n no es accesible por lo siguiente:<\/p><\/div><\/div><div class=\"elementor-element elementor-element-bc4ee3e elementor-widget elementor-widget-heading\" data-id=\"bc4ee3e\" data-element_type=\"widget\" data-widget_type=\"heading.default\"><div class=\"elementor-widget-container\"><h2 class=\"elementor-heading-title elementor-size-default\">Falta de conformidad con el RD 1112\/2018<\/h2><\/div><\/div><div class=\"elementor-element elementor-element-a219f86 elementor-widget elementor-widget-text-editor\" data-id=\"a219f86\" data-element_type=\"widget\" data-widget_type=\"text-editor.default\"><div class=\"elementor-widget-container\"><p>Podr\u00edan existir documentos ofim\u00e1ticos en PDF y otros formatos publicados posteriormente al 20 de septiembre de 2018 que no cumplan en su totalidad los requisitos de accesibilidad. Se pueden solicitar los documentos completamente accesibles desde el formulario de contacto para formalizar quejas y consultas.<\/p><p>Podr\u00edan existir errores de c\u00f3digo puntuales de edici\u00f3n en alguna p\u00e1gina web. [4.1.1 Procesamiento]<\/p><\/div><\/div><div class=\"elementor-element elementor-element-b1e8db9 elementor-widget elementor-widget-heading\" data-id=\"b1e8db9\" data-element_type=\"widget\" data-widget_type=\"heading.default\"><div class=\"elementor-widget-container\"><h2 class=\"elementor-heading-title elementor-size-default\">Carga desproporcionada<\/h2><\/div><\/div><div class=\"elementor-element elementor-element-1c5eb38 elementor-widget elementor-widget-text-editor\" data-id=\"1c5eb38\" data-element_type=\"widget\" data-widget_type=\"text-editor.default\"><div class=\"elementor-widget-container\"><p>No aplica.<\/p><\/div><\/div><div class=\"elementor-element elementor-element-1faf4b3 elementor-widget elementor-widget-heading\" data-id=\"1faf4b3\" data-element_type=\"widget\" data-widget_type=\"heading.default\"><div class=\"elementor-widget-container\"><h2 class=\"elementor-heading-title elementor-size-default\">El contenido no entra dentro del \u00e1mbito de la legislaci\u00f3n aplicable<\/h2><\/div><\/div><div class=\"elementor-element elementor-element-e21df88 elementor-widget elementor-widget-text-editor\" data-id=\"e21df88\" data-element_type=\"widget\" data-widget_type=\"text-editor.default\"><div class=\"elementor-widget-container\"><p>Podr\u00edan existir archivos ofim\u00e1ticos en PDF que no cumplan en su totalidad todos los requisitos de accesibilidad. Aunque se ha procurado que la mayor\u00eda de ellos s\u00ed lo cumplan.<\/p><\/div><\/div><div class=\"elementor-element elementor-element-ec30bb8 elementor-widget elementor-widget-heading\" data-id=\"ec30bb8\" data-element_type=\"widget\" data-widget_type=\"heading.default\"><div class=\"elementor-widget-container\"><h2 class=\"elementor-heading-title elementor-size-default\">Preparaci\u00f3n para la siguiente declaraci\u00f3n de accesibilidad<\/h2><\/div><\/div><div class=\"elementor-element elementor-element-1ac0dbf elementor-widget elementor-widget-text-editor\" data-id=\"1ac0dbf\" data-element_type=\"widget\" data-widget_type=\"text-editor.default\"><div class=\"elementor-widget-container\"><p>La presente declaraci\u00f3n fue preparada el 17 de febrero de 2023.<\/p><p>El m\u00e9todo empleado para preparar la declaraci\u00f3n ha sido una autoevaluaci\u00f3n llevada a cabo por la propia empresa.<\/p><p>Observaciones y datos de contacto<\/p><p>Puede realizar comunicaciones sobre requisitos de accesibilidad (art\u00edculo 10.2.a del RD 1112\/2018) como, por ejemplo:<\/p><ul><li>Informar sobre cualquier posible incumplimiento por parte de este sitio web<\/li><li>Transmitir otras dificultades de acceso al contenido<\/li><li>Formular cualquier otra consulta o sugerencia de mejora relativa a la accesibilidad del sitio web<\/li><\/ul><p>a trav\u00e9s del correo electr\u00f3nico de contacto <a href=\"mailto:info@elhostaldevioleta.es\" target=\"_blank\" rel=\"noopener\">info@elhostaldevioleta.es<\/a><\/p><p>Puede presentar:<\/p><ul><li>Queja relativa al cumplimiento de los requisitos del RD 1112\/2018 o<\/li><li>Solicitud de Informaci\u00f3n accesible relativa a:<ul><li>Contenidos que est\u00e1n excluidos del \u00e1mbito de aplicaci\u00f3n del RD 1112\/2018 seg\u00fan lo establecido por el art\u00edculo 3, apartado 4<\/li><li>Contenidos que est\u00e1n exentos del cumplimiento de los requisitos de accesibilidad por imponer una carga desproporcionada<\/li><\/ul><\/li><\/ul><p>En la Solicitud de informaci\u00f3n accesible, se debe concretar, con toda claridad, los hechos, razones y petici\u00f3n que permitan constatar que se trata de una solicitud razonable y leg\u00edtima.<\/p><\/div><\/div><div class=\"elementor-element elementor-element-477d304 elementor-widget elementor-widget-heading\" data-id=\"477d304\" data-element_type=\"widget\" data-widget_type=\"heading.default\"><div class=\"elementor-widget-container\"><h2 class=\"elementor-heading-title elementor-size-default\">Contenido opcional<\/h2><\/div><\/div><div class=\"elementor-element elementor-element-411b3e8 elementor-widget elementor-widget-text-editor\" data-id=\"411b3e8\" data-element_type=\"widget\" data-widget_type=\"text-editor.default\"><div class=\"elementor-widget-container\"><p>Este portal est\u00e1 dise\u00f1ado para poder cambiar el tama\u00f1o del texto y el color, as\u00ed como el fondo de la p\u00e1gina mediante las opciones de configuraci\u00f3n est\u00e1ndar de los navegadores.<\/p><p>Si desea cambiar el tama\u00f1o de letra del texto en los principales navegadores gr\u00e1ficos utilice los siguientes men\u00fas:<\/p><ul><li>Internet Explorer, Mozilla y Firefox: Ver &gt; Tama\u00f1o del texto<\/li><li>Opera: Ver &gt; Zoom<\/li><li>Safari: Ver &gt; Hacer el texto m\u00e1s grande<\/li><li>Chrome: Controla la p\u00e1gina actual &gt; Tama\u00f1o del texto<\/li><li>Para modificar el tama\u00f1o de todo en la p\u00e1gina:<ul><li>Ctrl + + para aumentarlo<\/li><li>Ctrl + \u2013 para disminuirlo<\/li><li>Ctrl + 0 restaura el tama\u00f1o original del texto<\/li><li>Si lo que quiere es anular la hoja de estilos o modificar el color del texto, puede consultar la p\u00e1gina\u00a0How to Change Text Size or Colors de la WAI, que se puede leer traducida al espa\u00f1ol en \u00bfC\u00f3mo cambiar el tama\u00f1o del texto o colores?<\/li><\/ul><\/li><\/ul><\/div><\/div><\/div><\/div><\/div><\/section>\t\t\t\t\t\t<\/div>\n\t\t\t\t<\/div>\n\t\t\t\t\t<\/div>\n\t\t<\/div>\n\t\t\t\t\t\t\t<\/div>\n\t\t<\/section>\n\t\t\t\t\t\t\t<\/div>","protected":false},"excerpt":{"rendered":"<p>Accesibilidad https:\/\/elhostaldevioleta.com\u00a0se ha comprometido a hacer accesible su sitio web, de conformidad con el Real Decreto 1112\/2018, de 7 de septiembre, sobre accesibilidad de los sitios web y aplicaciones para dispositivos m\u00f3viles del sector p\u00fablico. La presente declaraci\u00f3n de accesibilidad se aplica al sitio web elhostaldevioleta.es: Situaci\u00f3n de cumplimiento Este sitio web es parcialmente conforme &hellip;<\/p>\n<p class=\"read-more\"> <a class=\"\" href=\"https:\/\/elhostaldevioleta.com\/en\/declaracion-de-accesibilidad\/\"> <span class=\"screen-reader-text\">Declaraci\u00f3n de accesibilidad<\/span> Read More &raquo;<\/a><\/p>","protected":false},"author":1,"featured_media":0,"parent":0,"menu_order":0,"comment_status":"closed","ping_status":"closed","template":"","meta":{"site-sidebar-layout":"no-sidebar","site-content-layout":"page-builder","ast-site-content-layout":"","site-content-style":"default","site-sidebar-style":"default","ast-global-header-display":"","ast-banner-title-visibility":"","ast-main-header-display":"","ast-hfb-above-header-display":"","ast-hfb-below-header-display":"","ast-hfb-mobile-header-display":"","site-post-title":"disabled","ast-breadcrumbs-content":"","ast-featured-img":"disabled","footer-sml-layout":"","theme-transparent-header-meta":"","adv-header-id-meta":"","stick-header-meta":"","header-above-stick-meta":"","header-main-stick-meta":"","header-below-stick-meta":"","astra-migrate-meta-layouts":"","footnotes":""},"class_list":["post-820","page","type-page","status-publish","hentry"],"yoast_head":"<!-- This site is optimized with the Yoast SEO plugin v21.2 - https:\/\/yoast.com\/wordpress\/plugins\/seo\/ -->\n<title>Declaraci\u00f3n de accesibilidad - El hostal de violeta<\/title>\n<meta name=\"robots\" content=\"index, follow, max-snippet:-1, max-image-preview:large, max-video-preview:-1\" \/>\n<link rel=\"canonical\" href=\"https:\/\/elhostaldevioleta.com\/en\/declaracion-de-accesibilidad\/\" \/>\n<meta property=\"og:locale\" content=\"en_GB\" \/>\n<meta property=\"og:type\" content=\"article\" \/>\n<meta property=\"og:title\" content=\"Declaraci\u00f3n de accesibilidad - El hostal de violeta\" \/>\n<meta property=\"og:description\" content=\"Accesibilidad https:\/\/elhostaldevioleta.com\u00a0se ha comprometido a hacer accesible su sitio web, de conformidad con el Real Decreto 1112\/2018, de 7 de septiembre, sobre accesibilidad de los sitios web y aplicaciones para dispositivos m\u00f3viles del sector p\u00fablico. La presente declaraci\u00f3n de accesibilidad se aplica al sitio web elhostaldevioleta.es: Situaci\u00f3n de cumplimiento Este sitio web es parcialmente conforme &hellip; Declaraci\u00f3n de accesibilidad Read More &raquo;\" \/>\n<meta property=\"og:url\" content=\"https:\/\/elhostaldevioleta.com\/en\/declaracion-de-accesibilidad\/\" \/>\n<meta property=\"og:site_name\" content=\"El hostal de violeta\" \/>\n<meta property=\"article:publisher\" content=\"https:\/\/www.facebook.com\/Elhostaldevioleta\" \/>\n<meta property=\"article:modified_time\" content=\"2023-08-03T12:15:25+00:00\" \/>\n<meta name=\"twitter:card\" content=\"summary_large_image\" \/>\n<meta name=\"twitter:label1\" content=\"Est. reading time\" \/>\n\t<meta name=\"twitter:data1\" content=\"5 minutes\" \/>\n<script type=\"application\/ld+json\" class=\"yoast-schema-graph\">{\"@context\":\"https:\/\/schema.org\",\"@graph\":[{\"@type\":\"WebPage\",\"@id\":\"https:\/\/elhostaldevioleta.com\/declaracion-de-accesibilidad\/\",\"url\":\"https:\/\/elhostaldevioleta.com\/declaracion-de-accesibilidad\/\",\"name\":\"Declaraci\u00f3n de accesibilidad - El hostal de violeta\",\"isPartOf\":{\"@id\":\"https:\/\/elhostaldevioleta.com\/#website\"},\"datePublished\":\"2023-08-03T12:12:43+00:00\",\"dateModified\":\"2023-08-03T12:15:25+00:00\",\"breadcrumb\":{\"@id\":\"https:\/\/elhostaldevioleta.com\/declaracion-de-accesibilidad\/#breadcrumb\"},\"inLanguage\":\"en-GB\",\"potentialAction\":[{\"@type\":\"ReadAction\",\"target\":[\"https:\/\/elhostaldevioleta.com\/declaracion-de-accesibilidad\/\"]}]},{\"@type\":\"BreadcrumbList\",\"@id\":\"https:\/\/elhostaldevioleta.com\/declaracion-de-accesibilidad\/#breadcrumb\",\"itemListElement\":[{\"@type\":\"ListItem\",\"position\":1,\"name\":\"Portada\",\"item\":\"https:\/\/elhostaldevioleta.com\/\"},{\"@type\":\"ListItem\",\"position\":2,\"name\":\"Declaraci\u00f3n de accesibilidad\"}]},{\"@type\":\"WebSite\",\"@id\":\"https:\/\/elhostaldevioleta.com\/#website\",\"url\":\"https:\/\/elhostaldevioleta.com\/\",\"name\":\"El hostal de violeta\",\"description\":\"Tu Peque\u00f1o gran Hotel en Tomelloso\",\"publisher\":{\"@id\":\"https:\/\/elhostaldevioleta.com\/#organization\"},\"potentialAction\":[{\"@type\":\"SearchAction\",\"target\":{\"@type\":\"EntryPoint\",\"urlTemplate\":\"https:\/\/elhostaldevioleta.com\/?s={search_term_string}\"},\"query-input\":\"required name=search_term_string\"}],\"inLanguage\":\"en-GB\"},{\"@type\":\"Organization\",\"@id\":\"https:\/\/elhostaldevioleta.com\/#organization\",\"name\":\"El hostal de Violeta\",\"alternateName\":\"Jarambel\",\"url\":\"https:\/\/elhostaldevioleta.com\/\",\"logo\":{\"@type\":\"ImageObject\",\"inLanguage\":\"en-GB\",\"@id\":\"https:\/\/elhostaldevioleta.com\/#\/schema\/logo\/image\/\",\"url\":\"https:\/\/elhostaldevioleta.com\/wp-content\/uploads\/2023\/03\/logo_hostalnegro.png\",\"contentUrl\":\"https:\/\/elhostaldevioleta.com\/wp-content\/uploads\/2023\/03\/logo_hostalnegro.png\",\"width\":250,\"height\":225,\"caption\":\"El hostal de Violeta\"},\"image\":{\"@id\":\"https:\/\/elhostaldevioleta.com\/#\/schema\/logo\/image\/\"},\"sameAs\":[\"https:\/\/www.facebook.com\/Elhostaldevioleta\",\"https:\/\/www.instagram.com\/explore\/locations\/1033880248\/el-hostal-de-violeta\/\"]}]}<\/script>\n<!-- \/ Yoast SEO plugin. -->","yoast_head_json":{"title":"Declaraci\u00f3n de accesibilidad - El hostal de violeta","robots":{"index":"index","follow":"follow","max-snippet":"max-snippet:-1","max-image-preview":"max-image-preview:large","max-video-preview":"max-video-preview:-1"},"canonical":"https:\/\/elhostaldevioleta.com\/en\/declaracion-de-accesibilidad\/","og_locale":"en_GB","og_type":"article","og_title":"Declaraci\u00f3n de accesibilidad - El hostal de violeta","og_description":"Accesibilidad https:\/\/elhostaldevioleta.com\u00a0se ha comprometido a hacer accesible su sitio web, de conformidad con el Real Decreto 1112\/2018, de 7 de septiembre, sobre accesibilidad de los sitios web y aplicaciones para dispositivos m\u00f3viles del sector p\u00fablico. La presente declaraci\u00f3n de accesibilidad se aplica al sitio web elhostaldevioleta.es: Situaci\u00f3n de cumplimiento Este sitio web es parcialmente conforme &hellip; Declaraci\u00f3n de accesibilidad Read More &raquo;","og_url":"https:\/\/elhostaldevioleta.com\/en\/declaracion-de-accesibilidad\/","og_site_name":"El hostal de violeta","article_publisher":"https:\/\/www.facebook.com\/Elhostaldevioleta","article_modified_time":"2023-08-03T12:15:25+00:00","twitter_card":"summary_large_image","twitter_misc":{"Est. reading time":"5 minutes"},"schema":{"@context":"https:\/\/schema.org","@graph":[{"@type":"WebPage","@id":"https:\/\/elhostaldevioleta.com\/declaracion-de-accesibilidad\/","url":"https:\/\/elhostaldevioleta.com\/declaracion-de-accesibilidad\/","name":"Declaraci\u00f3n de accesibilidad - El hostal de violeta","isPartOf":{"@id":"https:\/\/elhostaldevioleta.com\/#website"},"datePublished":"2023-08-03T12:12:43+00:00","dateModified":"2023-08-03T12:15:25+00:00","breadcrumb":{"@id":"https:\/\/elhostaldevioleta.com\/declaracion-de-accesibilidad\/#breadcrumb"},"inLanguage":"en-GB","potentialAction":[{"@type":"ReadAction","target":["https:\/\/elhostaldevioleta.com\/declaracion-de-accesibilidad\/"]}]},{"@type":"BreadcrumbList","@id":"https:\/\/elhostaldevioleta.com\/declaracion-de-accesibilidad\/#breadcrumb","itemListElement":[{"@type":"ListItem","position":1,"name":"Portada","item":"https:\/\/elhostaldevioleta.com\/"},{"@type":"ListItem","position":2,"name":"Declaraci\u00f3n de accesibilidad"}]},{"@type":"WebSite","@id":"https:\/\/elhostaldevioleta.com\/#website","url":"https:\/\/elhostaldevioleta.com\/","name":"El hostal de violeta","description":"Tu Peque\u00f1o gran Hotel en Tomelloso","publisher":{"@id":"https:\/\/elhostaldevioleta.com\/#organization"},"potentialAction":[{"@type":"SearchAction","target":{"@type":"EntryPoint","urlTemplate":"https:\/\/elhostaldevioleta.com\/?s={search_term_string}"},"query-input":"required name=search_term_string"}],"inLanguage":"en-GB"},{"@type":"Organization","@id":"https:\/\/elhostaldevioleta.com\/#organization","name":"El hostal de Violeta","alternateName":"Jarambel","url":"https:\/\/elhostaldevioleta.com\/","logo":{"@type":"ImageObject","inLanguage":"en-GB","@id":"https:\/\/elhostaldevioleta.com\/#\/schema\/logo\/image\/","url":"https:\/\/elhostaldevioleta.com\/wp-content\/uploads\/2023\/03\/logo_hostalnegro.png","contentUrl":"https:\/\/elhostaldevioleta.com\/wp-content\/uploads\/2023\/03\/logo_hostalnegro.png","width":250,"height":225,"caption":"El hostal de Violeta"},"image":{"@id":"https:\/\/elhostaldevioleta.com\/#\/schema\/logo\/image\/"},"sameAs":["https:\/\/www.facebook.com\/Elhostaldevioleta","https:\/\/www.instagram.com\/explore\/locations\/1033880248\/el-hostal-de-violeta\/"]}]}},"_links":{"self":[{"href":"https:\/\/elhostaldevioleta.com\/en\/wp-json\/wp\/v2\/pages\/820","targetHints":{"allow":["GET"]}}],"collection":[{"href":"https:\/\/elhostaldevioleta.com\/en\/wp-json\/wp\/v2\/pages"}],"about":[{"href":"https:\/\/elhostaldevioleta.com\/en\/wp-json\/wp\/v2\/types\/page"}],"author":[{"embeddable":true,"href":"https:\/\/elhostaldevioleta.com\/en\/wp-json\/wp\/v2\/users\/1"}],"replies":[{"embeddable":true,"href":"https:\/\/elhostaldevioleta.com\/en\/wp-json\/wp\/v2\/comments?post=820"}],"version-history":[{"count":4,"href":"https:\/\/elhostaldevioleta.com\/en\/wp-json\/wp\/v2\/pages\/820\/revisions"}],"predecessor-version":[{"id":824,"href":"https:\/\/elhostaldevioleta.com\/en\/wp-json\/wp\/v2\/pages\/820\/revisions\/824"}],"wp:attachment":[{"href":"https:\/\/elhostaldevioleta.com\/en\/wp-json\/wp\/v2\/media?parent=820"}],"curies":[{"name":"wp","href":"https:\/\/api.w.org\/{rel}","templated":true}]}}